{"id":3,"date":"2023-11-03T10:18:51","date_gmt":"2023-11-03T10:18:51","guid":{"rendered":"https:\/\/my-ehealth.de\/?page_id=3"},"modified":"2026-01-05T15:35:27","modified_gmt":"2026-01-05T14:35:27","slug":"privacy-policy","status":"publish","type":"page","link":"https:\/\/my-ehealth.de\/?page_id=3","title":{"rendered":"Datenschutz, Impressum &amp; Disclaimer"},"content":{"rendered":"\r\n<h1 class=\"wp-block-heading\">Datenschutz<\/h1>\r\n\r\n\r\n\r\n<p><\/p>\r\n\r\n\r\n\r\n<div class=\"wp-block-uagb-container uagb-block-53d2872d alignfull uagb-is-root-container\"><div class=\"uagb-container-inner-blocks-wrap\">\r\n<h3 class=\"wp-block-heading\">ALLGEMEINE ERKL\u00c4RUNG ZUM&nbsp;DATENSCHUTZ<\/h3>\r\n\r\n\r\n\r\n<p>Wir legen gro\u00dfen Wert auf den Schutz Ihrer Daten w\u00e4hrend Ihres Besuchs auf dieser Seite.<\/p>\r\n<\/div><\/div>\r\n\r\n\r\n\r\n<p><\/p>\r\n\r\n\r\n\r\n<div class=\"wp-block-uagb-container uagb-block-1337968d alignfull uagb-is-root-container\"><div class=\"uagb-container-inner-blocks-wrap\">\r\n<h3 class=\"wp-block-heading\">1. DATENSCHUTZ<\/h3>\r\n\r\n\r\n\r\n<p>Die Arbeitseinheit eHealth in der klinischen Psychologie der Philipps-Universit\u00e4t Marburg legt gro\u00dfen Wert auf die Einhaltung der Datenschutzgesetze. Insbesondere das Bundesdatenschutzgesetz und die EU-Datenschutz-Grundverordnung werden von uns in vollem Umfang eingehalten. Die Verarbeitung personenbezogener Daten erfolgt ausschlie\u00dflich auf Grundlage der geltenden Gesetze und nur zu den in Abschnitt 4 genannten Zwecken. Dabei werden die Daten stets gem\u00e4\u00df den Vorgaben dieser Datenschutzerkl\u00e4rung verarbeitet.<\/p>\r\n<\/div><\/div>\r\n\r\n\r\n\r\n<p><\/p>\r\n\r\n\r\n\r\n<div class=\"wp-block-uagb-container uagb-block-2fae7837 alignfull uagb-is-root-container\"><div class=\"uagb-container-inner-blocks-wrap\">\r\n<h3 class=\"wp-block-heading\">2. VERANTWORTLICHE STELLE<\/h3>\r\n\r\n\r\n\r\n<p>Datenschutzrechtlich verantwortlich f\u00fcr die Verarbeitung Ihrer Daten ist die Philipps-Universit\u00e4t Marburg.<\/p>\r\n\r\n\r\n\r\n<p>Philipps-Universit\u00e4t Marburg<br>vertreten durch den Pr\u00e4sidenten<br>Biegenstra\u00dfe 10<br>35037 Marburg, Deutschland<br><br>Tel. 06421 28-20, Fax 06421 28-22500<br>Internet: https:\/\/www.uni-marburg.de<br>E-Mail: info@uni-marburg.de<br><br>Den Datenschutzbeauftragten der Universit\u00e4t Marburg erreichen Sie per Post unter der o.g. Adresse oder per Email unter datenschutz@uni-marburg.de<\/p>\r\n\r\n\r\n\r\n<p>Der betriebliche Datenschutzbeauftragte der Philipps-Universit\u00e4t Marburg ist:<\/p>\r\n\r\n\r\n\r\n<p>Dr. Rainer Viergutz<br>Biegenstra\u00dfe 10,<br>D-35037 Marburg<br>Tel.: +49-6421-28-26155<br>E-Mail: viergutz@verwaltung.uni-marburg.de<\/p>\r\n\r\n\r\n\r\n<p>Der Hessische Beauftragte f\u00fcr Datenschutz und Informationsfreiheit<br>Postfach 3163<br>D-65021 Wiesbaden<br>Tel.: +49-611-1408-0<br>E-Mail: poststelle@datenschutz.hessen.de<\/p>\r\n<\/div><\/div>\r\n\r\n\r\n\r\n<p><\/p>\r\n\r\n\r\n\r\n<div class=\"wp-block-uagb-container uagb-block-2cccf2a8 alignfull uagb-is-root-container\"><div class=\"uagb-container-inner-blocks-wrap\">\r\n<h3 class=\"wp-block-heading\">3. DATENERFASSUNG<\/h3>\r\n\r\n\r\n\r\n<p>Die Arbeitseinheit eHealth in der klinischen Psychologie der Philipps-Universit\u00e4t Marburg erhebt, speichert und verarbeitet zur Bereitstellung dieses Web-Angebots folgende Datenkategorien:<\/p>\r\n\r\n\r\n\r\n<ul class=\"wp-block-list\">\r\n<li>Detaillierte Logdaten: Aufgerufene Seite(n), User-Agent des Browsers, Betriebssystem, IP-Adresse, HTTP-Status und Zeitpunkt der Anfrage werden bei unserem Hoster IONOS f\u00fcr die Erstellung von Zugriffsstatistiken auf unsere Website genutzt und ausschlie\u00dflich auf Servern in Deutschland gespeichert. F\u00fcr weitere Informationen zum Thema Datenschutz und wie unser Hoster Ihre Daten verarbeitet, k\u00f6nnen Sie die folgende Seite aufrufen:&nbsp;<a href=\"https:\/\/www.ionos.de\/hilfe\/datenschutz\/\" target=\"_blank\" rel=\"noreferrer noopener\">https:\/\/www.ionos.de\/hilfe\/datenschutz\/<\/a><\/li>\r\n\r\n\r\n\r\n<li>Ihre E-Mail-Adresse zur Anmeldung f\u00fcr die Studie <\/li>\r\n\r\n\r\n\r\n<li>Diese Website verwendet teilweise sogenannte Cookies. Cookies richten auf Ihrem Rechner keinen Schaden an und enthalten keine Viren. Sie dienen dazu, unser Angebot nutzerfreundlicher, effektiver und sicherer zu machen. Cookies sind kleine Textdateien, die auf Ihrem Rechner gespeichert werden und die Ihr Browser speichert.<\/li>\r\n<\/ul>\r\n<\/div><\/div>\r\n\r\n\r\n\r\n<p><\/p>\r\n\r\n\r\n\r\n<div class=\"wp-block-uagb-container uagb-block-0731ca6b alignfull uagb-is-root-container\"><div class=\"uagb-container-inner-blocks-wrap\">\r\n<h3 class=\"wp-block-heading\">4. ZWECK DER DATENVERARBEITUNG<\/h3>\r\n\r\n\r\n\r\n<p>Die Arbeitseinheit eHealth in der klinischen Psychologie der Philipps-Universit\u00e4t Marburg verarbeitet die unter Punkt 3 genannten Daten ausschlie\u00dflich zur Information \u00fcber wissenschaftliche Studien im Bereich eHealth, zur Teilnahme sowie zur erforderlichen Kontaktaufnahme unsererseits. Dar\u00fcber hinaus dienen die detaillierten Logdaten (Besucherstatistiken) der Analyse des Erfolgs unserer Informationsangebote.<\/p>\r\n<\/div><\/div>\r\n\r\n\r\n\r\n<p><\/p>\r\n\r\n\r\n\r\n<div class=\"wp-block-uagb-container uagb-block-d6728c9f alignfull uagb-is-root-container\"><div class=\"uagb-container-inner-blocks-wrap\">\r\n<h3 class=\"wp-block-heading\">5. DATEN\u00dcBERMITTLUNG<\/h3>\r\n\r\n\r\n\r\n<p>Eine Daten\u00fcbermittlung ausgehend von dieser Website findet nicht statt und ist auch nicht geplant.<\/p>\r\n<\/div><\/div>\r\n\r\n\r\n\r\n<p><\/p>\r\n\r\n\r\n\r\n<div class=\"wp-block-uagb-container uagb-block-cda8f594 alignfull uagb-is-root-container\"><div class=\"uagb-container-inner-blocks-wrap\">\r\n<h3 class=\"wp-block-heading\">6. DATEN\u00dcBERMITTLUNG IN EIN DRITTLAND<\/h3>\r\n\r\n\r\n\r\n<p>Eine Daten\u00fcbermittlung in Drittl\u00e4nder ausgehend von dieser Website findet nicht statt und ist auch nicht geplant.<\/p>\r\n<\/div><\/div>\r\n\r\n\r\n\r\n<p><\/p>\r\n\r\n\r\n\r\n<div class=\"wp-block-uagb-container uagb-block-5299cf86 alignfull uagb-is-root-container\"><div class=\"uagb-container-inner-blocks-wrap\">\r\n<h3 class=\"wp-block-heading\">7. L\u00d6SCHFRISTEN<\/h3>\r\n\r\n\r\n\r\n<p>Personenbezogene Daten (z. B. E-Mail-Adresse) werden nach Erf\u00fcllung der unter Punkt 4 genannten Zwecke gel\u00f6scht oder anonymisiert. Die spezifischen L\u00f6schfristen werden projektbezogen in den jeweiligen Datenschutzunterlagen angegeben.<\/p>\r\n<\/div><\/div>\r\n\r\n\r\n\r\n<p><\/p>\r\n\r\n\r\n\r\n<div class=\"wp-block-uagb-container uagb-block-2d157044 alignfull uagb-is-root-container\"><div class=\"uagb-container-inner-blocks-wrap\">\r\n<h3 class=\"wp-block-heading\">8. DATENSICHERHEIT<\/h3>\r\n\r\n\r\n\r\n<p>Die Philipps-Universit\u00e4t Marburg hat die erforderlichen technischen und organisatorischen Ma\u00dfnahmen getroffen, um Ihre personenbezogenen Daten vor Verlust, Zerst\u00f6rung, Manipulation und unberechtigtem Zugriff zu sch\u00fctzen. Alle an der Studie beteiligten Mitarbeitenden und Personen, die an der Datenverarbeitung beteiligt sind, sind zur Einhaltung datenschutzrelevanter Gesetze und zum vertraulichen Umgang mit personenbezogenen Daten verpflichtet (\u00a7 34 NDSG).<\/p>\r\n<\/div><\/div>\r\n\r\n\r\n\r\n<p><\/p>\r\n\r\n\r\n\r\n<div class=\"wp-block-uagb-container uagb-block-8abd8a40 alignfull uagb-is-root-container\"><div class=\"uagb-container-inner-blocks-wrap\">\r\n<h3 class=\"wp-block-heading\">9. RECHTE DER BETROFFENEN PERSON<\/h3>\r\n\r\n\r\n\r\n<p>Im rechtlichen Rahmen haben Sie folgende Rechte bez\u00fcglich Ihrer personenbezogenen Daten, sofern diese nicht durch \u00a7 27 Abs. 2 BDSG im Rahmen der Datenverarbeitung zu wissenschaftlichen Forschungszwecken eingeschr\u00e4nkt sind:<\/p>\r\n\r\n\r\n\r\n<ul class=\"wp-block-list\">\r\n<li>Auskunft \u00fcber die Verarbeitung Ihrer personenbezogenen Daten,<\/li>\r\n\r\n\r\n\r\n<li>Berichtigung Ihrer personenbezogenen Daten,<\/li>\r\n\r\n\r\n\r\n<li>L\u00f6schung Ihrer personenbezogenen Daten,<\/li>\r\n\r\n\r\n\r\n<li>Einschr\u00e4nkung der Verarbeitung Ihrer personenbezogenen Daten,<\/li>\r\n\r\n\r\n\r\n<li>Widerspruch gegen die Verarbeitung Ihrer personenbezogenen Daten,<\/li>\r\n\r\n\r\n\r\n<li>Widerruf der Einwilligung zur Verarbeitung,<\/li>\r\n\r\n\r\n\r\n<li>Erhalt Ihrer personenbezogenen Daten in einem strukturierten, g\u00e4ngigen elektronischen Format oder \u00dcbermittlung an einen Dritten (Recht auf Daten\u00fcbertragbarkeit),<\/li>\r\n\r\n\r\n\r\n<li>Beschwerde bei einer Datenschutzbeh\u00f6rde einzulegen oder sich an den betrieblichen Datenschutzbeauftragten der Philipps-Universit\u00e4t Marburg zu wenden.<\/li>\r\n<\/ul>\r\n<\/div><\/div>\r\n\r\n\r\n\r\n<p><\/p>\r\n\r\n\r\n\r\n<h1 class=\"wp-block-heading\">Impressum<\/h1>\r\n\r\n\r\n\r\n<p><\/p>\r\n\r\n\r\n\r\n<div class=\"wp-block-group\"><div class=\"wp-block-group__inner-container is-layout-constrained wp-block-group-is-layout-constrained\">\r\n<div class=\"wp-block-uagb-container uagb-block-ed0cbd31 alignfull uagb-is-root-container\"><div class=\"uagb-container-inner-blocks-wrap\">\r\n<h3 class=\"wp-block-heading\">Diensteanbieter<\/h3>\r\n\r\n\r\n\r\n<p>Anbieter dieser Internetpr\u00e4senz im Rechtssinne ist die Philipps-Universit\u00e4t Marburg.<br>Philipps-Universit\u00e4t Marburg \u2013 Der Pr\u00e4sident<br>Prof. Dr. Thomas Nauss<br>Biegenstra\u00dfe 10, 35037 Marburg<br>Tel. 06421 28-20, Fax 06421 28-22500<br>Internet: https:\/\/uni-marburg.de<br>E-Mail: info@uni-marburg.de (pressestelle@uni-marburg,de)<br>USt-IdNr.: DE112590692<br><br>Postanschrift:<br>Philipps-Universit\u00e4t Marburg<br>Postfach<br>35032 Marburg<br><br>Die Philipps-Universit\u00e4t Marburg ist eine rechtsf\u00e4hige K\u00f6rperschaft des \u00f6ffentlichen Rechts und zugleich staatliche Einrichtung gem\u00e4\u00df \u00a7 1 Abs. 1 HessHG in Verbindung mit \u00a7 2 Abs. 1 Nr. 1 e) (Hessisches Hochschulgesetz vom 14.12.2021 (GVBI. I S.931) in der ab 15.04.2022 g\u00fcltigen Fassung (GVBI. I S. 184)<\/p>\r\n<\/div><\/div>\r\n<\/div><\/div>\r\n\r\n\r\n\r\n<h3 class=\"wp-block-heading\"><\/h3>\r\n\r\n\r\n\r\n<div class=\"wp-block-uagb-container uagb-block-85ad6f71 alignfull uagb-is-root-container\"><div class=\"uagb-container-inner-blocks-wrap\">\r\n<h3 class=\"wp-block-heading\">Ansprechpartnerin<\/h3>\r\n\r\n\r\n\r\n<p>Prof. Dr. Anna-Carlotta Zarski<\/p>\r\n\r\n\r\n\r\n<p>AE eHealth in der klinischen Psychologie<br>AG Klinische Psychologie<br>Fachbereich Psychologie<br>Raum 308<br>Philipps-Universit\u00e4t Marburg<br>Schulstra\u00dfe 12<br>D-35032 Marburg<br>Tel.: +49-6421-28-23314<\/p>\r\n\r\n\r\n\r\n<p>E-Mail: <a href=\"mailto:Zarski@staff.uni-marburg.de\">zarski@staff.uni-marburg.de<\/a><\/p>\r\n<\/div><\/div>\r\n\r\n\r\n\r\n<p><\/p>\r\n\r\n\r\n\r\n<h1 class=\"wp-block-heading\">Disclaimer<\/h1>\r\n\r\n\r\n\r\n<p><\/p>\r\n\r\n\r\n\r\n<div class=\"wp-block-uagb-container uagb-block-997a1b7c alignfull uagb-is-root-container\"><div class=\"uagb-container-inner-blocks-wrap\">\r\n<h3 class=\"wp-block-heading\">Haftung<\/h3>\r\n\r\n\r\n\r\n<p>Auf der Webseite www.my-ehealth.de finden Sie umfassende und hochwertige Informationen. Wir bem\u00fchen uns, diese Inhalte korrekt und dem neuesten Wissensstand entsprechend bereitzustellen, \u00fcbernehmen jedoch keine Garantie f\u00fcr die inhaltliche Richtigkeit, Genauigkeit, Aktualit\u00e4t oder Vollst\u00e4ndigkeit der Informationen. Es k\u00f6nnen keine Rechte aus den bereitgestellten Inhalten abgeleitet werden. Eventuelle medizinische Hinweise sind mit gr\u00f6\u00dfter Sorgfalt erstellt, ersetzen jedoch keinesfalls einen Arztbesuch und erfolgen auf eigenes Risiko.<br><br>Die Betreiber der Seite \u00fcbernehmen keine Haftung f\u00fcr Sch\u00e4den, die durch die Nutzung der Webseite entstehen k\u00f6nnten, insbesondere bei Fehlinformationen oder technischen St\u00f6rungen. F\u00fcr Inhalte und die Funktionsf\u00e4higkeit externer Webseiten, die \u00fcber Links zug\u00e4nglich sind, wird ebenfalls keine Verantwortung \u00fcbernommen.<br><br>Die Betreiber behalten sich das Recht vor, den Betrieb der Seite jederzeit und ohne Vorank\u00fcndigung einzustellen sowie deren Inhalte zu \u00e4ndern, zu erg\u00e4nzen oder zu entfernen.<\/p>\r\n\r\n\r\n\r\n<h3 class=\"wp-block-heading\">Urheberrecht<\/h3>\r\n\r\n\r\n\r\n<p>Der gesamte Inhalt und die Struktur dieser Webseite sind urheberrechtlich gesch\u00fctzt. Das Herunterladen oder Ausdrucken einzelner Seiten oder Dokumente ist f\u00fcr den privaten, nicht kommerziellen Gebrauch gestattet.<\/p>\r\n\r\n\r\n\r\n<h3 class=\"wp-block-heading\">\u00c4nderungen<\/h3>\r\n\r\n\r\n\r\n<p>Wir behalten uns vor, Teile dieser Webseite, die Nutzungsbestimmungen oder das gesamte Angebot ohne Ank\u00fcndigung zu \u00e4ndern, zu entfernen oder die Ver\u00f6ffentlichung zeitweise oder endg\u00fcltig einzustellen.<\/p>\r\n<\/div><\/div>\r\n<div class=\"modal fade\" id=\"inactive-modal\" data-userlogged =\"0\"  role=\"dialog\" aria-labelledby=\"inactive-modal-label\"\n    aria-hidden=\"true\" hidden style=\"overflow: auto;\">\n    <div class=\"modal-dialog modal-lg modal-dialog-centered\" role=\"document\">\n        <div class=\"modal-content\">\n            <div class=\"modal-header\">\n                <h3 class=\"modal-title\" id=\"inactive-modal-title-label\">Zeit\u00fcberschreitung der Browsersitzung<\/h3>\n                <button type=\"button\" class=\"close\" data-dismiss=\"modal\" aria-label=\"Close\">\n                    <span aria-hidden=\"true\">&times;<\/span>\n                <\/button>\n            <\/div>\n            <div class=\"modal-body\">\n              <p class=\"mb-0\">Sie haben das System l\u00e4ngere Zeit nicht mehr genutzt. Aus Sicherheitsgr\u00fcnden werden Sie automatisch aus dem System abgemeldet.\n              <\/p>\n            <\/div>\n            <div class=\"modal-footer\">\n                    <button type=\"button\" class=\"btn btn-secondary mr-auto\" data-dismiss=\"modal\" style=\"float: left;\">Abbrechen<\/button>\n                    <button id=\"continue-session\" type=\"button\" class=\"btn btn-primary\" data-dismiss=\"modal\">Sitzung fortsetzen <span class=\"countdown\"><\/span><\/button>\n            <\/div>\n        <\/div>\n    <\/div>\n<\/div>\n\n\n<div class=\"modal fade\" id=\"logged-out-modal\" role=\"dialog\" aria-labelledby=\"logged-out-modal-label\"\n    aria-hidden=\"true\" hidden style=\"overflow: auto;\">\n    <div class=\"modal-dialog modal-lg modal-dialog-centered\" role=\"document\">\n        <div class=\"modal-content\">\n            <div class=\"modal-header\">\n                <h3 class=\"modal-title\" id=\"logged-out-modal-title-label\">Zeit\u00fcberschreitung der Browsersitzung<\/h3>\n                <button type=\"button\" class=\"close\" data-dismiss=\"modal\" aria-label=\"Close\">\n                    <span aria-hidden=\"true\">&times;<\/span>\n                <\/button>\n            <\/div>\n            <div class=\"modal-body\">\n              <p class=\"mb-0\">Sie haben das System l\u00e4ngere Zeit nicht mehr genutzt. Zu Ihrer eigenen Sicherheit wurden Sie daher automatisch aus dem System abgemeldet.\n              <\/p>\n            <\/div>\n            <div class=\"modal-footer\">\n                <a id=\"continue-session-done\" href=\"https:\/\/my-ehealth.de\" role=\"button\" class=\"btn btn-primary\">Zur Startseite<\/a>\n            <\/div>\n        <\/div>\n    <\/div>\n<\/div> ","protected":false},"excerpt":{"rendered":"Datenschutz Impressum Disclaimer Zeit\u00fcberschreitung der Browsersitzung &times; Sie haben das System l\u00e4ngere Zeit nicht mehr genutzt. Aus Sicherheitsgr\u00fcnden werden Sie automatisch aus dem System abgemeldet. Abbrechen Sitzung fortsetzen Zeit\u00fcberschreitung der Browsersitzung &times; Sie haben das System l\u00e4ngere Zeit nicht mehr genutzt. Zu Ihrer eigenen Sicherheit wurden Sie daher automatisch aus dem System abgemeldet. Zur Startseite","protected":false},"author":1,"featured_media":0,"parent":0,"menu_order":20,"comment_status":"closed","ping_status":"open","template":"","meta":{"_acf_changed":false,"footnotes":""},"class_list":["post-3","page","type-page","status-publish","hentry"],"acf":[],"_links":{"self":[{"href":"https:\/\/my-ehealth.de\/index.php?rest_route=\/wp\/v2\/pages\/3","targetHints":{"allow":["GET"]}}],"collection":[{"href":"https:\/\/my-ehealth.de\/index.php?rest_route=\/wp\/v2\/pages"}],"about":[{"href":"https:\/\/my-ehealth.de\/index.php?rest_route=\/wp\/v2\/types\/page"}],"author":[{"embeddable":true,"href":"https:\/\/my-ehealth.de\/index.php?rest_route=\/wp\/v2\/users\/1"}],"replies":[{"embeddable":true,"href":"https:\/\/my-ehealth.de\/index.php?rest_route=%2Fwp%2Fv2%2Fcomments&post=3"}],"version-history":[{"count":6,"href":"https:\/\/my-ehealth.de\/index.php?rest_route=\/wp\/v2\/pages\/3\/revisions"}],"predecessor-version":[{"id":13115,"href":"https:\/\/my-ehealth.de\/index.php?rest_route=\/wp\/v2\/pages\/3\/revisions\/13115"}],"wp:attachment":[{"href":"https:\/\/my-ehealth.de\/index.php?rest_route=%2Fwp%2Fv2%2Fmedia&parent=3"}],"curies":[{"name":"wp","href":"https:\/\/api.w.org\/{rel}","templated":true}]}}