{"id":47,"date":"2023-11-04T09:07:44","date_gmt":"2023-11-04T09:07:44","guid":{"rendered":"https:\/\/my-ehealth.de\/dashboard\/"},"modified":"2026-01-08T15:33:47","modified_gmt":"2026-01-08T14:33:47","slug":"dashboard","status":"publish","type":"page","link":"https:\/\/my-ehealth.de\/?page_id=47","title":{"rendered":"Dashboard"},"content":{"rendered":"<!-- Profilbereich -->\r\n\r\n<div class=\"wp-block-uagb-container uagb-layout-flex uagb-block-user_profile\">\r\n\r\n  <!-- Benutzername -->\r\n  \r\n  <div class=\"wp-block-uagb-advanced-heading uagb-block-heading_username\">\r\n <div class=\"float-left mb-5\">\r\n<script>\n    jQuery(window).load(function(){\n        jQuery('#modal69d97dedd2d04').modal('show');\n        jQuery('#modal69d97dedd2d04Button').click(function() {\n            history.replaceState(null, \"eHealth\", \"https:\/\/my-ehealth.de\");\n            window.location.href = 'https:\/\/my-ehealth.de';\n        });\n    });\n <\/script>\n \n <div class=\"modal fade in\" id=\"modal69d97dedd2d04\" tabindex=\"-1\" role=\"dialog\" aria-labelledby=\"modal69d97dedd2d04Label\" aria-hidden=\"true\"  data-backdrop=\"static\" data-keyboard=\"false\">\n   <div class=\"modal-dialog modal-dialog-centered\" role=\"document\">\n     <div class=\"modal-content\">\n       <div class=\"modal-header\">\n         <h2 class=\"modal-title\" id=\"modal69d97dedd2d04Label\"><i class=\"fas fa-times\"><\/i> Fehler<\/h2>\n       <\/div>\n       <div class=\"modal-body\">\n          <p class=\"mb-0\">\n            Sie haben keine Berechtigung diese Seite zu sehen!\n          <\/p>\n       <\/div>\n       <div class=\"modal-footer\">\n         <button id=\"modal69d97dedd2d04Button\" type=\"button\" class=\"btn btn-primary\" data-dismiss=\"modal\">Zur Startseite<\/button>\n       <\/div>\n     <\/div>\n   <\/div>\n <\/div>\r\n <\/div>\r\n  <\/div>\r\n  \r\n\r\n\r\n  <!-- Profilbild -->\r\n  \r\n  <figure class=\"wp-block-image size-large\">\r\n    <img loading=\"lazy\" decoding=\"async\" width=\"1024\" height=\"682\" src=\"https:\/\/my-ehealth.de\/wp-content\/uploads\/2025\/08\/getty-images-ctEA_WXCHqE-unsplash-1024x682.png\" alt=\"Profilbild\" class=\"wp-image-9091 img-fluid \" srcset=\"https:\/\/my-ehealth.de\/wp-content\/uploads\/2025\/08\/getty-images-ctEA_WXCHqE-unsplash-1024x682.png 1024w, https:\/\/my-ehealth.de\/wp-content\/uploads\/2025\/08\/getty-images-ctEA_WXCHqE-unsplash-300x200.png 300w, https:\/\/my-ehealth.de\/wp-content\/uploads\/2025\/08\/getty-images-ctEA_WXCHqE-unsplash-768x512.png 768w, https:\/\/my-ehealth.de\/wp-content\/uploads\/2025\/08\/getty-images-ctEA_WXCHqE-unsplash-1536x1024.png 1536w, https:\/\/my-ehealth.de\/wp-content\/uploads\/2025\/08\/getty-images-ctEA_WXCHqE-unsplash-2048x1365.png 2048w\" sizes=\"auto, (max-width: 1024px) 100vw, 1024px\" \/>\r\n  <\/figure>\r\n  \r\n\r\n<\/div>\r\n\r\n\r\n\r\n<!-- Hauptbereich mit zwei Spalten -->\r\n\r\n<!-- \/wp:post-content -->\r\n<h4 class=\"uagb-heading-text\"><strong>Dein Training fortsetzten<\/strong><\/h4>\r\n<p>Hier kannst du <a href=\"https:\/\/my-ehealth.de\/?trainings=ijoy&#038;idt1=5327\">dein Training<\/a> fortsetzen.<\/p>\r\n\r\n<!-- wp:columns -->\r\n<div class=\"wp-block-columns\">\r\n\r\n  <!-- Favoriten-\u00dcbungen -->\r\n  <!-- wp:column -->\r\n  <div class=\"wp-block-column\">\r\n    <!-- wp:uagb\/advanced-heading {\"block_id\":\"fav_heading\",\"headingTag\":\"h4\",\"headingColor\":\"#058ab6\"} -->\r\n    <div class=\"wp-block-uagb-advanced-heading uagb-block-fav_heading\">\r\n      <h4 class=\"uagb-heading-text\"><strong>Deine Favoriten-\u00dcbungen<\/strong><\/h4>\r\n    <\/div>\r\n    <!-- \/wp:uagb\/advanced-heading -->\r\n\r\n    <!-- wp:shortcode -->\r\n    <p> Hier kommst du zu deinen <a href=\"https:\/\/my-ehealth.de\/?page_id=51\">Favoriten-\u00dcbungen<\/a>. <\/p>\r\n    <!-- \/wp:shortcode -->\r\n  <\/div>\r\n  <!-- \/wp:column -->\r\n\r\n  <!-- Trainingsfortschritt -->\r\n  <!-- wp:column -->\r\n  <div class=\"wp-block-column\">\r\n    <!-- wp:uagb\/advanced-heading {\"block_id\":\"progress_heading\",\"headingTag\":\"h4\",\"headingColor\":\"#058ab6\"} -->\r\n    <div class=\"wp-block-uagb-advanced-heading uagb-block-progress_heading\">\r\n      <h4 class=\"uagb-heading-text\"><strong>Dein Trainingsfortschritt<\/strong><\/h4>\r\n    <\/div>\r\n    <!-- \/wp:uagb\/advanced-heading -->\r\n\r\n    <!-- wp:shortcode -->\r\n        <div class=\"h-75 d-flex align-items-center empty-card\">\n    <div class=\"flex-column text-center m-auto\">\n        <p>Keine Trainings in Bearbeitung vorhanden<\/p>\n        <i class=\"fas fa-ban\"><\/i>\n    <\/div>\n<\/div>\r\n    <!-- \/wp:shortcode -->\r\n  <\/div>\r\n  <!-- \/wp:column -->\r\n\r\n<\/div>\r\n\r\n\r\n<!-- Letzte Aktivit\u00e4ten -->\r\n<!-- wp:uagb\/container {\"block_id\":\"last_activities\",\"layout\":\"flex\",\"directionDesktop\":\"column\",\"rowGapDesktop\":10} -->\r\n<div class=\"wp-block-uagb-container uagb-layout-flex uagb-block-last_activities\">\r\n\r\n  <!-- wp:uagb\/advanced-heading {\"block_id\":\"activities_heading\",\"headingTag\":\"h4\",\"headingColor\":\"#058ab6\"} -->\r\n  <div class=\"wp-block-uagb-advanced-heading uagb-block-activities_heading\">\r\n  <\/div>\r\n  <!-- \/wp:uagb\/advanced-heading -->\r\n\r\n  <!-- wp:shortcode -->\r\n  <div class=\"row\">\n            <div class=\"col-12\">\n            <h1 class=\"text-center mb-5\">Letzte Aktivit\u00e4ten<\/h1>\n        <\/div>\n        <div class=\"col-12\">\n                    <div class=\"alert alert-info\" role=\"alert\">\n                <h5><i class=\"fas fa-info-circle\"><\/i>&nbsp;Hinweis<\/h5>\n                <p>\n                    Sie haben noch keine Aktivit\u00e4ten.\n                <\/p>\n            <\/div>\n            <\/div>\n<\/div>\r\n  <!-- \/wp:shortcode -->\r\n\r\n<\/div>\r\n<!-- \/wp:uagb\/container -->\r\n\r\n<script>\r\njQuery(function($) {\r\njQuery(\".dashboard-head-container h1\").text(function(_, t) {\r\n    return t.replace(\"Herzlich willkommen\", \"Hallo\");\r\n});\r\n\r\njQuery(\".alert.alert-info:contains('Sie haben noch keine Elemente in den')\").remove();\r\n});\r\n<\/script><div class=\"modal fade\" id=\"inactive-modal\" data-userlogged =\"0\"  role=\"dialog\" aria-labelledby=\"inactive-modal-label\"\n    aria-hidden=\"true\" hidden style=\"overflow: auto;\">\n    <div class=\"modal-dialog modal-lg modal-dialog-centered\" role=\"document\">\n        <div class=\"modal-content\">\n            <div class=\"modal-header\">\n                <h3 class=\"modal-title\" id=\"inactive-modal-title-label\">Zeit\u00fcberschreitung der Browsersitzung<\/h3>\n                <button type=\"button\" class=\"close\" data-dismiss=\"modal\" aria-label=\"Close\">\n                    <span aria-hidden=\"true\">&times;<\/span>\n                <\/button>\n            <\/div>\n            <div class=\"modal-body\">\n              <p class=\"mb-0\">Sie haben das System l\u00e4ngere Zeit nicht mehr genutzt. Aus Sicherheitsgr\u00fcnden werden Sie automatisch aus dem System abgemeldet.\n              <\/p>\n            <\/div>\n            <div class=\"modal-footer\">\n                    <button type=\"button\" class=\"btn btn-secondary mr-auto\" data-dismiss=\"modal\" style=\"float: left;\">Abbrechen<\/button>\n                    <button id=\"continue-session\" type=\"button\" class=\"btn btn-primary\" data-dismiss=\"modal\">Sitzung fortsetzen <span class=\"countdown\"><\/span><\/button>\n            <\/div>\n        <\/div>\n    <\/div>\n<\/div>\n\n\n<div class=\"modal fade\" id=\"logged-out-modal\" role=\"dialog\" aria-labelledby=\"logged-out-modal-label\"\n    aria-hidden=\"true\" hidden style=\"overflow: auto;\">\n    <div class=\"modal-dialog modal-lg modal-dialog-centered\" role=\"document\">\n        <div class=\"modal-content\">\n            <div class=\"modal-header\">\n                <h3 class=\"modal-title\" id=\"logged-out-modal-title-label\">Zeit\u00fcberschreitung der Browsersitzung<\/h3>\n                <button type=\"button\" class=\"close\" data-dismiss=\"modal\" aria-label=\"Close\">\n                    <span aria-hidden=\"true\">&times;<\/span>\n                <\/button>\n            <\/div>\n            <div class=\"modal-body\">\n              <p class=\"mb-0\">Sie haben das System l\u00e4ngere Zeit nicht mehr genutzt. Zu Ihrer eigenen Sicherheit wurden Sie daher automatisch aus dem System abgemeldet.\n              <\/p>\n            <\/div>\n            <div class=\"modal-footer\">\n                <a id=\"continue-session-done\" href=\"https:\/\/my-ehealth.de\" role=\"button\" class=\"btn btn-primary\">Zur Startseite<\/a>\n            <\/div>\n        <\/div>\n    <\/div>\n<\/div> ","protected":false},"excerpt":{"rendered":"Dein Training fortsetzten Hier kannst du dein Training fortsetzen. Deine Favoriten-\u00dcbungen Hier kommst du zu deinen Favoriten-\u00dcbungen. Dein Trainingsfortschritt Zeit\u00fcberschreitung der Browsersitzung &times; Sie haben das System l\u00e4ngere Zeit nicht mehr genutzt. Aus Sicherheitsgr\u00fcnden werden Sie automatisch aus dem System abgemeldet. Abbrechen Sitzung fortsetzen Zeit\u00fcberschreitung der Browsersitzung &times; Sie haben das System l\u00e4ngere Zeit nicht&hellip;","protected":false},"author":1,"featured_media":0,"parent":0,"menu_order":0,"comment_status":"closed","ping_status":"closed","template":"single-seiten.php","meta":{"_acf_changed":false,"footnotes":""},"class_list":["post-47","page","type-page","status-publish","hentry"],"acf":[],"_links":{"self":[{"href":"https:\/\/my-ehealth.de\/index.php?rest_route=\/wp\/v2\/pages\/47","targetHints":{"allow":["GET"]}}],"collection":[{"href":"https:\/\/my-ehealth.de\/index.php?rest_route=\/wp\/v2\/pages"}],"about":[{"href":"https:\/\/my-ehealth.de\/index.php?rest_route=\/wp\/v2\/types\/page"}],"author":[{"embeddable":true,"href":"https:\/\/my-ehealth.de\/index.php?rest_route=\/wp\/v2\/users\/1"}],"replies":[{"embeddable":true,"href":"https:\/\/my-ehealth.de\/index.php?rest_route=%2Fwp%2Fv2%2Fcomments&post=47"}],"version-history":[{"count":58,"href":"https:\/\/my-ehealth.de\/index.php?rest_route=\/wp\/v2\/pages\/47\/revisions"}],"predecessor-version":[{"id":13179,"href":"https:\/\/my-ehealth.de\/index.php?rest_route=\/wp\/v2\/pages\/47\/revisions\/13179"}],"wp:attachment":[{"href":"https:\/\/my-ehealth.de\/index.php?rest_route=%2Fwp%2Fv2%2Fmedia&parent=47"}],"curies":[{"name":"wp","href":"https:\/\/api.w.org\/{rel}","templated":true}]}}