{"id":51,"date":"2023-11-04T09:07:44","date_gmt":"2023-11-04T09:07:44","guid":{"rendered":"https:\/\/my-ehealth.de\/favoriten\/"},"modified":"2024-09-10T21:20:34","modified_gmt":"2024-09-10T19:20:34","slug":"favoriten","status":"publish","type":"page","link":"https:\/\/my-ehealth.de\/?page_id=51","title":{"rendered":"Favoriten"},"content":{"rendered":"<script>\n    jQuery(window).load(function(){\n        jQuery('#modal69d97e1fb1c57').modal('show');\n        jQuery('#modal69d97e1fb1c57Button').click(function() {\n            history.replaceState(null, \"eHealth\", \"https:\/\/my-ehealth.de\");\n            window.location.href = 'https:\/\/my-ehealth.de';\n        });\n    });\n <\/script>\n \n <div class=\"modal fade in\" id=\"modal69d97e1fb1c57\" tabindex=\"-1\" role=\"dialog\" aria-labelledby=\"modal69d97e1fb1c57Label\" aria-hidden=\"true\"  data-backdrop=\"static\" data-keyboard=\"false\">\n   <div class=\"modal-dialog modal-dialog-centered\" role=\"document\">\n     <div class=\"modal-content\">\n       <div class=\"modal-header\">\n         <h2 class=\"modal-title\" id=\"modal69d97e1fb1c57Label\"><i class=\"fas fa-times\"><\/i> Fehler<\/h2>\n       <\/div>\n       <div class=\"modal-body\">\n          <p class=\"mb-0\">\n            Sie haben keine Berechtigung diese Seite zu sehen!\n          <\/p>\n       <\/div>\n       <div class=\"modal-footer\">\n         <button id=\"modal69d97e1fb1c57Button\" type=\"button\" class=\"btn btn-primary\" data-dismiss=\"modal\">Zur Startseite<\/button>\n       <\/div>\n     <\/div>\n   <\/div>\n <\/div>\n\n\n\n<div class=\"wp-block-uagb-container uagb-block-02306d80 alignfull uagb-is-root-container\"><div class=\"uagb-container-inner-blocks-wrap\"><\/div><\/div>\n\n\n\n<div class=\"wp-block-uagb-container uagb-block-3b60f15b alignfull uagb-is-root-container\"><div class=\"uagb-container-inner-blocks-wrap\"><\/div><\/div>\n\n\n\n<div class=\"wp-block-uagb-advanced-heading uagb-block-4a927491\"><h4 class=\"uagb-heading-text\"> <a href=\"https:\/\/my-ehealth.de\/dashboard\/\">zur\u00fcck<\/a><\/h4><\/div>\n<div class=\"modal fade\" id=\"inactive-modal\" data-userlogged =\"0\"  role=\"dialog\" aria-labelledby=\"inactive-modal-label\"\n    aria-hidden=\"true\" hidden style=\"overflow: auto;\">\n    <div class=\"modal-dialog modal-lg modal-dialog-centered\" role=\"document\">\n        <div class=\"modal-content\">\n            <div class=\"modal-header\">\n                <h3 class=\"modal-title\" id=\"inactive-modal-title-label\">Zeit\u00fcberschreitung der Browsersitzung<\/h3>\n                <button type=\"button\" class=\"close\" data-dismiss=\"modal\" aria-label=\"Close\">\n                    <span aria-hidden=\"true\">&times;<\/span>\n                <\/button>\n            <\/div>\n            <div class=\"modal-body\">\n              <p class=\"mb-0\">Sie haben das System l\u00e4ngere Zeit nicht mehr genutzt. Aus Sicherheitsgr\u00fcnden werden Sie automatisch aus dem System abgemeldet.\n              <\/p>\n            <\/div>\n            <div class=\"modal-footer\">\n                    <button type=\"button\" class=\"btn btn-secondary mr-auto\" data-dismiss=\"modal\" style=\"float: left;\">Abbrechen<\/button>\n                    <button id=\"continue-session\" type=\"button\" class=\"btn btn-primary\" data-dismiss=\"modal\">Sitzung fortsetzen <span class=\"countdown\"><\/span><\/button>\n            <\/div>\n        <\/div>\n    <\/div>\n<\/div>\n\n\n<div class=\"modal fade\" id=\"logged-out-modal\" role=\"dialog\" aria-labelledby=\"logged-out-modal-label\"\n    aria-hidden=\"true\" hidden style=\"overflow: auto;\">\n    <div class=\"modal-dialog modal-lg modal-dialog-centered\" role=\"document\">\n        <div class=\"modal-content\">\n            <div class=\"modal-header\">\n                <h3 class=\"modal-title\" id=\"logged-out-modal-title-label\">Zeit\u00fcberschreitung der Browsersitzung<\/h3>\n                <button type=\"button\" class=\"close\" data-dismiss=\"modal\" aria-label=\"Close\">\n                    <span aria-hidden=\"true\">&times;<\/span>\n                <\/button>\n            <\/div>\n            <div class=\"modal-body\">\n              <p class=\"mb-0\">Sie haben das System l\u00e4ngere Zeit nicht mehr genutzt. Zu Ihrer eigenen Sicherheit wurden Sie daher automatisch aus dem System abgemeldet.\n              <\/p>\n            <\/div>\n            <div class=\"modal-footer\">\n                <a id=\"continue-session-done\" href=\"https:\/\/my-ehealth.de\" role=\"button\" class=\"btn btn-primary\">Zur Startseite<\/a>\n            <\/div>\n        <\/div>\n    <\/div>\n<\/div> ","protected":false},"excerpt":{"rendered":"Zeit\u00fcberschreitung der Browsersitzung &times; Sie haben das System l\u00e4ngere Zeit nicht mehr genutzt. Aus Sicherheitsgr\u00fcnden werden Sie automatisch aus dem System abgemeldet. Abbrechen Sitzung fortsetzen Zeit\u00fcberschreitung der Browsersitzung &times; Sie haben das System l\u00e4ngere Zeit nicht mehr genutzt. Zu Ihrer eigenen Sicherheit wurden Sie daher automatisch aus dem System abgemeldet. Zur Startseite","protected":false},"author":1,"featured_media":0,"parent":0,"menu_order":0,"comment_status":"closed","ping_status":"closed","template":"","meta":{"_acf_changed":false,"footnotes":""},"class_list":["post-51","page","type-page","status-publish","hentry"],"acf":[],"_links":{"self":[{"href":"https:\/\/my-ehealth.de\/index.php?rest_route=\/wp\/v2\/pages\/51","targetHints":{"allow":["GET"]}}],"collection":[{"href":"https:\/\/my-ehealth.de\/index.php?rest_route=\/wp\/v2\/pages"}],"about":[{"href":"https:\/\/my-ehealth.de\/index.php?rest_route=\/wp\/v2\/types\/page"}],"author":[{"embeddable":true,"href":"https:\/\/my-ehealth.de\/index.php?rest_route=\/wp\/v2\/users\/1"}],"replies":[{"embeddable":true,"href":"https:\/\/my-ehealth.de\/index.php?rest_route=%2Fwp%2Fv2%2Fcomments&post=51"}],"version-history":[{"count":0,"href":"https:\/\/my-ehealth.de\/index.php?rest_route=\/wp\/v2\/pages\/51\/revisions"}],"wp:attachment":[{"href":"https:\/\/my-ehealth.de\/index.php?rest_route=%2Fwp%2Fv2%2Fmedia&parent=51"}],"curies":[{"name":"wp","href":"https:\/\/api.w.org\/{rel}","templated":true}]}}