{"id":65,"date":"2023-11-04T09:14:15","date_gmt":"2023-11-04T09:14:15","guid":{"rendered":"https:\/\/my-ehealth.de\/?page_id=65"},"modified":"2025-08-22T15:50:23","modified_gmt":"2025-08-22T13:50:23","slug":"startseite","status":"publish","type":"page","link":"https:\/\/my-ehealth.de\/","title":{"rendered":"Startseite"},"content":{"rendered":"\n<div class=\"wp-block-group\"><div class=\"wp-block-group__inner-container is-layout-constrained wp-block-group-is-layout-constrained\">\n<p><\/p>\n<\/div><\/div>\n\n\n\n<div style=\"height:25px\" aria-hidden=\"true\" class=\"wp-block-spacer\"><\/div>\n\n\n\n<div class=\"wp-block-uagb-advanced-heading uagb-block-ea7b7b7b\"><h1 class=\"uagb-heading-text\">Willkommen bei My-eHealth!<\/h1><\/div>\n\n\n\n<div style=\"height:50px\" aria-hidden=\"true\" class=\"wp-block-spacer\"><\/div>\n\n\n\n<p class=\"has-text-align-center\">Sch\u00f6n, dass du hier bist. <\/p>\n\n\n\n<figure class=\"wp-block-image size-large\"><img loading=\"lazy\" decoding=\"async\" width=\"1024\" height=\"807\" src=\"https:\/\/my-ehealth.de\/wp-content\/uploads\/2025\/08\/jason-dent-WNVGLwGMCAg-unsplash-1024x807.jpg\" alt=\"\" class=\"wp-image-9087 img-fluid \" srcset=\"https:\/\/my-ehealth.de\/wp-content\/uploads\/2025\/08\/jason-dent-WNVGLwGMCAg-unsplash-1024x807.jpg 1024w, https:\/\/my-ehealth.de\/wp-content\/uploads\/2025\/08\/jason-dent-WNVGLwGMCAg-unsplash-300x236.jpg 300w, https:\/\/my-ehealth.de\/wp-content\/uploads\/2025\/08\/jason-dent-WNVGLwGMCAg-unsplash-768x605.jpg 768w, https:\/\/my-ehealth.de\/wp-content\/uploads\/2025\/08\/jason-dent-WNVGLwGMCAg-unsplash-1536x1210.jpg 1536w, https:\/\/my-ehealth.de\/wp-content\/uploads\/2025\/08\/jason-dent-WNVGLwGMCAg-unsplash-2048x1613.jpg 2048w\" sizes=\"auto, (max-width: 1024px) 100vw, 1024px\" \/><\/figure>\n<div class=\"modal fade\" id=\"inactive-modal\" data-userlogged =\"0\"  role=\"dialog\" aria-labelledby=\"inactive-modal-label\"\n    aria-hidden=\"true\" hidden style=\"overflow: auto;\">\n    <div class=\"modal-dialog modal-lg modal-dialog-centered\" role=\"document\">\n        <div class=\"modal-content\">\n            <div class=\"modal-header\">\n                <h3 class=\"modal-title\" id=\"inactive-modal-title-label\">Zeit\u00fcberschreitung der Browsersitzung<\/h3>\n                <button type=\"button\" class=\"close\" data-dismiss=\"modal\" aria-label=\"Close\">\n                    <span aria-hidden=\"true\">&times;<\/span>\n                <\/button>\n            <\/div>\n            <div class=\"modal-body\">\n              <p class=\"mb-0\">Sie haben das System l\u00e4ngere Zeit nicht mehr genutzt. Aus Sicherheitsgr\u00fcnden werden Sie automatisch aus dem System abgemeldet.\n              <\/p>\n            <\/div>\n            <div class=\"modal-footer\">\n                    <button type=\"button\" class=\"btn btn-secondary mr-auto\" data-dismiss=\"modal\" style=\"float: left;\">Abbrechen<\/button>\n                    <button id=\"continue-session\" type=\"button\" class=\"btn btn-primary\" data-dismiss=\"modal\">Sitzung fortsetzen <span class=\"countdown\"><\/span><\/button>\n            <\/div>\n        <\/div>\n    <\/div>\n<\/div>\n\n\n<div class=\"modal fade\" id=\"logged-out-modal\" role=\"dialog\" aria-labelledby=\"logged-out-modal-label\"\n    aria-hidden=\"true\" hidden style=\"overflow: auto;\">\n    <div class=\"modal-dialog modal-lg modal-dialog-centered\" role=\"document\">\n        <div class=\"modal-content\">\n            <div class=\"modal-header\">\n                <h3 class=\"modal-title\" id=\"logged-out-modal-title-label\">Zeit\u00fcberschreitung der Browsersitzung<\/h3>\n                <button type=\"button\" class=\"close\" data-dismiss=\"modal\" aria-label=\"Close\">\n                    <span aria-hidden=\"true\">&times;<\/span>\n                <\/button>\n            <\/div>\n            <div class=\"modal-body\">\n              <p class=\"mb-0\">Sie haben das System l\u00e4ngere Zeit nicht mehr genutzt. Zu Ihrer eigenen Sicherheit wurden Sie daher automatisch aus dem System abgemeldet.\n              <\/p>\n            <\/div>\n            <div class=\"modal-footer\">\n                <a id=\"continue-session-done\" href=\"https:\/\/my-ehealth.de\" role=\"button\" class=\"btn btn-primary\">Zur Startseite<\/a>\n            <\/div>\n        <\/div>\n    <\/div>\n<\/div> ","protected":false},"excerpt":{"rendered":"Sch\u00f6n, dass du hier bist. Zeit\u00fcberschreitung der Browsersitzung &times; Sie haben das System l\u00e4ngere Zeit nicht mehr genutzt. Aus Sicherheitsgr\u00fcnden werden Sie automatisch aus dem System abgemeldet. Abbrechen Sitzung fortsetzen Zeit\u00fcberschreitung der Browsersitzung &times; Sie haben das System l\u00e4ngere Zeit nicht mehr genutzt. Zu Ihrer eigenen Sicherheit wurden Sie daher automatisch aus dem System abgemeldet.&hellip;","protected":false},"author":1,"featured_media":0,"parent":0,"menu_order":10,"comment_status":"closed","ping_status":"closed","template":"","meta":{"_acf_changed":false,"footnotes":""},"class_list":["post-65","page","type-page","status-publish","hentry"],"acf":[],"_links":{"self":[{"href":"https:\/\/my-ehealth.de\/index.php?rest_route=\/wp\/v2\/pages\/65","targetHints":{"allow":["GET"]}}],"collection":[{"href":"https:\/\/my-ehealth.de\/index.php?rest_route=\/wp\/v2\/pages"}],"about":[{"href":"https:\/\/my-ehealth.de\/index.php?rest_route=\/wp\/v2\/types\/page"}],"author":[{"embeddable":true,"href":"https:\/\/my-ehealth.de\/index.php?rest_route=\/wp\/v2\/users\/1"}],"replies":[{"embeddable":true,"href":"https:\/\/my-ehealth.de\/index.php?rest_route=%2Fwp%2Fv2%2Fcomments&post=65"}],"version-history":[{"count":5,"href":"https:\/\/my-ehealth.de\/index.php?rest_route=\/wp\/v2\/pages\/65\/revisions"}],"predecessor-version":[{"id":9089,"href":"https:\/\/my-ehealth.de\/index.php?rest_route=\/wp\/v2\/pages\/65\/revisions\/9089"}],"wp:attachment":[{"href":"https:\/\/my-ehealth.de\/index.php?rest_route=%2Fwp%2Fv2%2Fmedia&parent=65"}],"curies":[{"name":"wp","href":"https:\/\/api.w.org\/{rel}","templated":true}]}}